{"id":17405,"date":"2022-08-29T04:53:04","date_gmt":"2022-08-29T04:53:04","guid":{"rendered":"https:\/\/hotel-vizantio.gr\/new\/contacteaza-ne\/"},"modified":"2025-05-22T07:03:24","modified_gmt":"2025-05-22T07:03:24","slug":"contacteaza-ne","status":"publish","type":"page","link":"https:\/\/hotel-vizantio.gr\/ro\/contacteaza-ne\/","title":{"rendered":"Contacteaza-ne"},"content":{"rendered":"\t\t<div data-elementor-type=\"wp-page\" data-elementor-id=\"17405\" class=\"elementor elementor-17405 elementor-243\">\n\t\t\t\t        <section class=\"elementor-section elementor-top-section elementor-element elementor-element-114beef elementor-section-full_width elementor-section-content-middle elementor-section-height-default elementor-section-height-default pxl-section-offset-none pxl-section-static-pos-no pxl-section-overflow-hidden-no pxl-container-margin-auto-no\" data-id=\"114beef\" data-element_type=\"section\">\n\n                \n                <div class=\"elementor-container elementor-column-gap-no \">\n                <div class=\"elementor-column elementor-col-50 elementor-top-column elementor-element elementor-element-fbd04b9 col-offset-none pxl-column-element-default pxl-column-overflow-hidden-no\" data-id=\"fbd04b9\" data-element_type=\"column\">\r\n        <div class=\"elementor-widget-wrap elementor-element-populated\">\r\n                    \t\t<div class=\"elementor-element elementor-element-42244fd elementor-widget elementor-widget-google_maps\" data-id=\"42244fd\" data-element_type=\"widget\" data-widget_type=\"google_maps.default\">\n\t\t\t\t<div class=\"elementor-widget-container\">\n\t\t\t\t\t\t\t<div class=\"elementor-custom-embed\">\n\t\t\t<iframe loading=\"lazy\"\n\t\t\t\t\tsrc=\"https:\/\/maps.google.com\/maps?q=hotel%20vizantio&#038;t=m&#038;z=15&#038;output=embed&#038;iwloc=near\"\n\t\t\t\t\ttitle=\"hotel vizantio\"\n\t\t\t\t\taria-label=\"hotel vizantio\"\n\t\t\t><\/iframe>\n\t\t<\/div>\n\t\t\t\t\t\t<\/div>\n\t\t\t\t<\/div>\n\t\t                    <\/div>\r\n        <\/div>\r\n                <div class=\"elementor-column elementor-col-50 elementor-top-column elementor-element elementor-element-2aaea6f col-offset-none pxl-column-element-default pxl-column-overflow-hidden-no\" data-id=\"2aaea6f\" data-element_type=\"column\">\r\n        <div class=\"elementor-widget-wrap elementor-element-populated\">\r\n                    \t\t<div class=\"elementor-element elementor-element-058dce7 elementor-invisible pxl-elementor-animate elementor-widget elementor-widget-pxl_heading\" data-id=\"058dce7\" data-element_type=\"widget\" data-settings=\"{&quot;_animation&quot;:&quot;fadeInUp&quot;}\" data-widget_type=\"pxl_heading.default\">\n\t\t\t\t<div class=\"elementor-widget-container\">\n\t\t\t\t\t<div class=\"pxl-heading-wrap d-flex\">\n    <div class=\"pxl-heading-inner  \">\n                <h3 class=\"heading-title\">\n                        Ave\u021bi \u00eentreb\u0103ri? Contacta\u021bi-ne.         <\/h3>\n            <\/div>\n<\/div>\n\n\t\t\t\t<\/div>\n\t\t\t\t<\/div>\n\t\t\t\t<div class=\"elementor-element elementor-element-a719651 elementor-invisible pxl-elementor-animate elementor-widget elementor-widget-pxl_text_editor\" data-id=\"a719651\" data-element_type=\"widget\" data-settings=\"{&quot;_animation&quot;:&quot;fadeInUp&quot;}\" data-widget_type=\"pxl_text_editor.default\">\n\t\t\t\t<div class=\"elementor-widget-container\">\n\t\t\t\t\t<div id=\"pxl_text_editor-a719651-7163\" class=\"pxl-text-editor-wrap d-flex \" >\n\t<div class=\"pxl-text-editor elementor-clearfix\">\n\t\t<p>Suntem aici s\u0103 te ajut\u0103m.<\/p>\t\t\n\t<\/div>\n<\/div>\t\t\t\t<\/div>\n\t\t\t\t<\/div>\n\t\t\t\t<div class=\"elementor-element elementor-element-aecd21e pxl-contact-info-layout-1 elementor-invisible pxl-elementor-animate elementor-widget elementor-widget-pxl_contact_info\" data-id=\"aecd21e\" data-element_type=\"widget\" data-settings=\"{&quot;_animation&quot;:&quot;fadeInUp&quot;}\" data-widget_type=\"pxl_contact_info.default\">\n\t\t\t\t<div class=\"elementor-widget-container\">\n\t\t\t\t\t<div class=\"pxl-ci-wrap layout-1 relative \">\r\n\t<div class=\"ci-content-wrap d-flex align-items-center\">\r\n\t\t            <div class=\"ci-icon\">\r\n                <span aria-hidden=\"true\" class=\"pxl-icon cmli cmli-noun-location\"><\/span>            <\/div>\r\n        \t\t<div class=\"ci-content\">\r\n\t\t\t\t\t\t\t<h4 class=\"ci-title\">Loca\u0163ie<\/h4> \r\n\t\t\t\t\t\t\t\t\t\t<div class=\"ci-desc\">Paralia Katerinis, Pieria<br \/>\nMacedonia, Grecia<\/div> \r\n\t\t\t\t\t\t\t\t<\/div>\r\n\t<\/div>\r\n<\/div>\t\t\t\t<\/div>\n\t\t\t\t<\/div>\n\t\t\t\t<div class=\"elementor-element elementor-element-57ee580 pxl-contact-info-layout-1 elementor-invisible pxl-elementor-animate elementor-widget elementor-widget-pxl_contact_info\" data-id=\"57ee580\" data-element_type=\"widget\" data-settings=\"{&quot;_animation&quot;:&quot;fadeInUp&quot;}\" data-widget_type=\"pxl_contact_info.default\">\n\t\t\t\t<div class=\"elementor-widget-container\">\n\t\t\t\t\t<div class=\"pxl-ci-wrap layout-1 relative \">\r\n\t<div class=\"ci-content-wrap d-flex align-items-center\">\r\n\t\t            <div class=\"ci-icon\">\r\n                <span aria-hidden=\"true\" class=\"pxl-icon cmli cmli-noun-bell\"><\/span>            <\/div>\r\n        \t\t<div class=\"ci-content\">\r\n\t\t\t\t\t\t\t<h4 class=\"ci-title\">Pentru rezerv\u0103ri<\/h4> \r\n\t\t\t\t\t\t\t\t\t\t<div class=\"ci-desc\">Telefon: <a href=\"tel:+302351063173\">(+30) 23510 63173<\/a> <br \/>\nEmail: <a href=\"villa@hotel-vizantio.gr\">villa@hotel-vizantio.gr<\/a><\/div> \r\n\t\t\t\t\t\t\t\t<\/div>\r\n\t<\/div>\r\n<\/div>\t\t\t\t<\/div>\n\t\t\t\t<\/div>\n\t\t\t\t<div class=\"elementor-element elementor-element-2e2aecb pxl-contact-info-layout-1 elementor-invisible pxl-elementor-animate elementor-widget elementor-widget-pxl_contact_info\" data-id=\"2e2aecb\" data-element_type=\"widget\" data-settings=\"{&quot;_animation&quot;:&quot;fadeInUp&quot;}\" data-widget_type=\"pxl_contact_info.default\">\n\t\t\t\t<div class=\"elementor-widget-container\">\n\t\t\t\t\t<div class=\"pxl-ci-wrap layout-1 relative \">\r\n\t<div class=\"ci-content-wrap d-flex align-items-center\">\r\n\t\t            <div class=\"ci-icon\">\r\n                <span aria-hidden=\"true\" class=\"pxl-icon cmli cmli-noun-talk\"><\/span>            <\/div>\r\n        \t\t<div class=\"ci-content\">\r\n\t\t\t\t\t\t\t<h4 class=\"ci-title\">Social Network<\/h4> \r\n\t\t\t\t\t\t\t\t\t\t<div class=\"ci-desc\">Urm\u0103ri\u021bi-ne pe re\u021belele de socializare<\/div> \r\n\t\t\t\t\t\t\t\t\t\t<div class=\"ci-social d-flex margin gx-12\">\r\n\t\t\t\t<a aria-hidden=\"true\" class=\"social-item pxl-icon fab fa-facebook-f\" href=\"https:\/\/www.facebook.com\/hotelvizantiokaterini\"><\/a><a aria-hidden=\"true\" class=\"social-item pxl-icon fab fa-instagram\" href=\"https:\/\/www.instagram.com\/hotel_vizantio\/\"><\/a>\t\t\t\t<\/div>\r\n\t\t\t\t\t<\/div>\r\n\t<\/div>\r\n<\/div>\t\t\t\t<\/div>\n\t\t\t\t<\/div>\n\t\t                    <\/div>\r\n        <\/div>\r\n        \t\t\t<\/div>\n\t\t<\/section>\n\t\t\t\t<\/div>\n\t\t","protected":false},"excerpt":{"rendered":"<p>Ave\u021bi \u00eentreb\u0103ri? Contacta\u021bi-ne. Suntem aici s\u0103 te ajut\u0103m. Loca\u0163ie Paralia Katerinis, Pieria Macedonia, Grecia Pentru rezerv\u0103ri Telefon: (+30) 23510 63173 Email: villa@hotel-vizantio.gr Social Network Urm\u0103ri\u021bi-ne pe re\u021belele de socializare<\/p>\n","protected":false},"author":1,"featured_media":0,"parent":0,"menu_order":0,"comment_status":"closed","ping_status":"closed","template":"","meta":{"footnotes":""},"class_list":["post-17405","page","type-page","status-publish","hentry"],"yoast_head":"<!-- This site is optimized with the Yoast SEO plugin v25.5 - https:\/\/yoast.com\/wordpress\/plugins\/seo\/ -->\n<title>Contact - Hotel Vizantio Katerini plaja<\/title>\n<meta name=\"description\" content=\"Cazare pe plaja din Katerini. Hotelul Byzantium are camere complet dotate cu televizor, aer condi\u021bionat, baie \u0219i wi-fi.\" \/>\n<meta name=\"robots\" content=\"index, follow, max-snippet:-1, max-image-preview:large, max-video-preview:-1\" \/>\n<link rel=\"canonical\" href=\"https:\/\/hotel-vizantio.gr\/ro\/contacteaza-ne\/\" \/>\n<meta property=\"og:locale\" content=\"ro_RO\" \/>\n<meta property=\"og:type\" content=\"article\" \/>\n<meta property=\"og:title\" content=\"Contact - Hotel Vizantio Katerini plaja\" \/>\n<meta property=\"og:description\" content=\"Cazare pe plaja din Katerini. Hotelul Byzantium are camere complet dotate cu televizor, aer condi\u021bionat, baie \u0219i wi-fi.\" \/>\n<meta property=\"og:url\" content=\"https:\/\/hotel-vizantio.gr\/ro\/contacteaza-ne\/\" \/>\n<meta property=\"og:site_name\" content=\"Hotel Vizantio\" \/>\n<meta property=\"article:publisher\" content=\"https:\/\/www.facebook.com\/hotelvizantiokaterini\" \/>\n<meta property=\"article:modified_time\" content=\"2025-05-22T07:03:24+00:00\" \/>\n<meta name=\"twitter:card\" content=\"summary_large_image\" \/>\n<meta name=\"twitter:label1\" content=\"Timp estimat pentru citire\" \/>\n\t<meta name=\"twitter:data1\" content=\"1 minut\" \/>\n<script type=\"application\/ld+json\" class=\"yoast-schema-graph\">{\"@context\":\"https:\/\/schema.org\",\"@graph\":[{\"@type\":\"WebPage\",\"@id\":\"https:\/\/hotel-vizantio.gr\/ro\/contacteaza-ne\/\",\"url\":\"https:\/\/hotel-vizantio.gr\/ro\/contacteaza-ne\/\",\"name\":\"Contact - Hotel Vizantio Katerini plaja\",\"isPartOf\":{\"@id\":\"https:\/\/hotel-vizantio.gr\/#website\"},\"datePublished\":\"2022-08-29T04:53:04+00:00\",\"dateModified\":\"2025-05-22T07:03:24+00:00\",\"description\":\"Cazare pe plaja din Katerini. Hotelul Byzantium are camere complet dotate cu televizor, aer condi\u021bionat, baie \u0219i wi-fi.\",\"breadcrumb\":{\"@id\":\"https:\/\/hotel-vizantio.gr\/ro\/contacteaza-ne\/#breadcrumb\"},\"inLanguage\":\"ro-RO\",\"potentialAction\":[{\"@type\":\"ReadAction\",\"target\":[\"https:\/\/hotel-vizantio.gr\/ro\/contacteaza-ne\/\"]}]},{\"@type\":\"BreadcrumbList\",\"@id\":\"https:\/\/hotel-vizantio.gr\/ro\/contacteaza-ne\/#breadcrumb\",\"itemListElement\":[{\"@type\":\"ListItem\",\"position\":1,\"name\":\"\u0391\u03c1\u03c7\u03b9\u03ba\u03ae\",\"item\":\"https:\/\/hotel-vizantio.gr\/ro\/\"},{\"@type\":\"ListItem\",\"position\":2,\"name\":\"Contacteaza-ne\"}]},{\"@type\":\"WebSite\",\"@id\":\"https:\/\/hotel-vizantio.gr\/#website\",\"url\":\"https:\/\/hotel-vizantio.gr\/\",\"name\":\"Hotel Vizantio\",\"description\":\"\",\"publisher\":{\"@id\":\"https:\/\/hotel-vizantio.gr\/#organization\"},\"potentialAction\":[{\"@type\":\"SearchAction\",\"target\":{\"@type\":\"EntryPoint\",\"urlTemplate\":\"https:\/\/hotel-vizantio.gr\/?s={search_term_string}\"},\"query-input\":{\"@type\":\"PropertyValueSpecification\",\"valueRequired\":true,\"valueName\":\"search_term_string\"}}],\"inLanguage\":\"ro-RO\"},{\"@type\":\"Organization\",\"@id\":\"https:\/\/hotel-vizantio.gr\/#organization\",\"name\":\"Hotel Vizantio\",\"url\":\"https:\/\/hotel-vizantio.gr\/\",\"logo\":{\"@type\":\"ImageObject\",\"inLanguage\":\"ro-RO\",\"@id\":\"https:\/\/hotel-vizantio.gr\/#\/schema\/logo\/image\/\",\"url\":\"https:\/\/hotel-vizantio.gr\/new\/wp-content\/uploads\/2024\/03\/logo_white.png\",\"contentUrl\":\"https:\/\/hotel-vizantio.gr\/new\/wp-content\/uploads\/2024\/03\/logo_white.png\",\"width\":575,\"height\":130,\"caption\":\"Hotel Vizantio\"},\"image\":{\"@id\":\"https:\/\/hotel-vizantio.gr\/#\/schema\/logo\/image\/\"},\"sameAs\":[\"https:\/\/www.facebook.com\/hotelvizantiokaterini\",\"https:\/\/www.instagram.com\/hotel_vizantio\/\"]}]}<\/script>\n<!-- \/ Yoast SEO plugin. -->","yoast_head_json":{"title":"Contact - Hotel Vizantio Katerini plaja","description":"Cazare pe plaja din Katerini. Hotelul Byzantium are camere complet dotate cu televizor, aer condi\u021bionat, baie \u0219i wi-fi.","robots":{"index":"index","follow":"follow","max-snippet":"max-snippet:-1","max-image-preview":"max-image-preview:large","max-video-preview":"max-video-preview:-1"},"canonical":"https:\/\/hotel-vizantio.gr\/ro\/contacteaza-ne\/","og_locale":"ro_RO","og_type":"article","og_title":"Contact - Hotel Vizantio Katerini plaja","og_description":"Cazare pe plaja din Katerini. Hotelul Byzantium are camere complet dotate cu televizor, aer condi\u021bionat, baie \u0219i wi-fi.","og_url":"https:\/\/hotel-vizantio.gr\/ro\/contacteaza-ne\/","og_site_name":"Hotel Vizantio","article_publisher":"https:\/\/www.facebook.com\/hotelvizantiokaterini","article_modified_time":"2025-05-22T07:03:24+00:00","twitter_card":"summary_large_image","twitter_misc":{"Timp estimat pentru citire":"1 minut"},"schema":{"@context":"https:\/\/schema.org","@graph":[{"@type":"WebPage","@id":"https:\/\/hotel-vizantio.gr\/ro\/contacteaza-ne\/","url":"https:\/\/hotel-vizantio.gr\/ro\/contacteaza-ne\/","name":"Contact - Hotel Vizantio Katerini plaja","isPartOf":{"@id":"https:\/\/hotel-vizantio.gr\/#website"},"datePublished":"2022-08-29T04:53:04+00:00","dateModified":"2025-05-22T07:03:24+00:00","description":"Cazare pe plaja din Katerini. Hotelul Byzantium are camere complet dotate cu televizor, aer condi\u021bionat, baie \u0219i wi-fi.","breadcrumb":{"@id":"https:\/\/hotel-vizantio.gr\/ro\/contacteaza-ne\/#breadcrumb"},"inLanguage":"ro-RO","potentialAction":[{"@type":"ReadAction","target":["https:\/\/hotel-vizantio.gr\/ro\/contacteaza-ne\/"]}]},{"@type":"BreadcrumbList","@id":"https:\/\/hotel-vizantio.gr\/ro\/contacteaza-ne\/#breadcrumb","itemListElement":[{"@type":"ListItem","position":1,"name":"\u0391\u03c1\u03c7\u03b9\u03ba\u03ae","item":"https:\/\/hotel-vizantio.gr\/ro\/"},{"@type":"ListItem","position":2,"name":"Contacteaza-ne"}]},{"@type":"WebSite","@id":"https:\/\/hotel-vizantio.gr\/#website","url":"https:\/\/hotel-vizantio.gr\/","name":"Hotel Vizantio","description":"","publisher":{"@id":"https:\/\/hotel-vizantio.gr\/#organization"},"potentialAction":[{"@type":"SearchAction","target":{"@type":"EntryPoint","urlTemplate":"https:\/\/hotel-vizantio.gr\/?s={search_term_string}"},"query-input":{"@type":"PropertyValueSpecification","valueRequired":true,"valueName":"search_term_string"}}],"inLanguage":"ro-RO"},{"@type":"Organization","@id":"https:\/\/hotel-vizantio.gr\/#organization","name":"Hotel Vizantio","url":"https:\/\/hotel-vizantio.gr\/","logo":{"@type":"ImageObject","inLanguage":"ro-RO","@id":"https:\/\/hotel-vizantio.gr\/#\/schema\/logo\/image\/","url":"https:\/\/hotel-vizantio.gr\/new\/wp-content\/uploads\/2024\/03\/logo_white.png","contentUrl":"https:\/\/hotel-vizantio.gr\/new\/wp-content\/uploads\/2024\/03\/logo_white.png","width":575,"height":130,"caption":"Hotel Vizantio"},"image":{"@id":"https:\/\/hotel-vizantio.gr\/#\/schema\/logo\/image\/"},"sameAs":["https:\/\/www.facebook.com\/hotelvizantiokaterini","https:\/\/www.instagram.com\/hotel_vizantio\/"]}]}},"_links":{"self":[{"href":"https:\/\/hotel-vizantio.gr\/ro\/wp-json\/wp\/v2\/pages\/17405","targetHints":{"allow":["GET"]}}],"collection":[{"href":"https:\/\/hotel-vizantio.gr\/ro\/wp-json\/wp\/v2\/pages"}],"about":[{"href":"https:\/\/hotel-vizantio.gr\/ro\/wp-json\/wp\/v2\/types\/page"}],"author":[{"embeddable":true,"href":"https:\/\/hotel-vizantio.gr\/ro\/wp-json\/wp\/v2\/users\/1"}],"replies":[{"embeddable":true,"href":"https:\/\/hotel-vizantio.gr\/ro\/wp-json\/wp\/v2\/comments?post=17405"}],"version-history":[{"count":9,"href":"https:\/\/hotel-vizantio.gr\/ro\/wp-json\/wp\/v2\/pages\/17405\/revisions"}],"predecessor-version":[{"id":17739,"href":"https:\/\/hotel-vizantio.gr\/ro\/wp-json\/wp\/v2\/pages\/17405\/revisions\/17739"}],"wp:attachment":[{"href":"https:\/\/hotel-vizantio.gr\/ro\/wp-json\/wp\/v2\/media?parent=17405"}],"curies":[{"name":"wp","href":"https:\/\/api.w.org\/{rel}","templated":true}]}}